{"id":1298,"date":"2023-11-28T03:48:24","date_gmt":"2023-11-28T08:48:24","guid":{"rendered":"https:\/\/spectramarketinggroup.com\/?page_id=1298"},"modified":"2024-10-29T12:38:15","modified_gmt":"2024-10-29T16:38:15","slug":"accueil","status":"publish","type":"page","link":"https:\/\/spectramarketinggroup.com\/fr\/","title":{"rendered":"Accueil"},"content":{"rendered":"<section id=\"block-1682aaf17d8e14ba\" class=\"block block-hero-1 lazyload\" data-bg=\"https:\/\/spectramarketinggroup.com\/wp-content\/uploads\/2024\/06\/02bb8f82caafff921976d9fae8d9234a-scaled.jpeg\">\n        <div class=\"container block-hero-1--container theme-light\">\n        <div class=\"block-hero-1--body\">\n\n            <h1 class=\"block-hero-1--heading\">Cultiver des partenariats. Stimuler la croissance.<\/h1>\n\n                            <div class=\"block-hero-1--intro\"><div id=\"block-b5c45508c48ae69f\" class=\"block block-text default-block-spacing entry-content text-size-base text-color-default \">\n<p>Spectra Marketing Group relie des centaines de distributeurs \u00e9lectriques et salles d\u2019exposition de produits d\u2019\u00e9clairage et de d\u00e9coration int\u00e9rieure \u00e0 nos partenaires fournisseurs \u00e0 travers l\u2019Am\u00e9rique du Nord. Nos programmes bas\u00e9s sur le volume stimulent la rentabilit\u00e9 de nos membres tout en d\u00e9veloppant les activit\u00e9s et en augmentant la part de march\u00e9 de nos partenaires fournisseurs.<\/p>\n<\/div>\n<\/div>\n            \n                            <div class=\"block-hero-1--buttons\">\n                                            <a class=\"btn block-hero-1--btn\" href=\"https:\/\/spectramarketinggroup.com\/fr\/partenaires-fournisseurs\/\" title=\"Partenaires fournisseurs\" target=\"\">\n                            Partenaires fournisseurs                        <\/a>\n                                            <a class=\"btn block-hero-1--btn\" href=\"https:\/\/spectramarketinggroup.com\/fr\/membres\/\" title=\"Membres\" target=\"\">\n                            Membres                        <\/a>\n                                    <\/div>\n                    <\/div>\n    <\/div>\n\n    <style>\n        #block-1682aaf17d8e14ba {\n                                }\n    <\/style>\n<\/section>\n","protected":false},"excerpt":{"rendered":"","protected":false},"author":3,"featured_media":0,"parent":0,"menu_order":0,"comment_status":"closed","ping_status":"closed","template":"","meta":{"_acf_changed":true,"footnotes":""},"class_list":["post-1298","page","type-page","status-publish","hentry"],"acf":[],"yoast_head":"<!-- This site is optimized with the Yoast SEO plugin v27.5 - https:\/\/yoast.com\/product\/yoast-seo-wordpress\/ -->\n<title>Accueil - Spectra<\/title>\n<meta name=\"robots\" content=\"index, follow, max-snippet:-1, max-image-preview:large, max-video-preview:-1\" \/>\n<link rel=\"canonical\" href=\"https:\/\/spectramarketinggroup.com\/fr\/\" \/>\n<meta property=\"og:locale\" content=\"fr_FR\" \/>\n<meta property=\"og:type\" content=\"article\" \/>\n<meta property=\"og:title\" content=\"Accueil - Spectra\" \/>\n<meta property=\"og:url\" content=\"https:\/\/spectramarketinggroup.com\/fr\/\" \/>\n<meta property=\"og:site_name\" content=\"Spectra\" \/>\n<meta property=\"article:modified_time\" content=\"2024-10-29T16:38:15+00:00\" \/>\n<meta name=\"twitter:card\" content=\"summary_large_image\" \/>\n<script type=\"application\/ld+json\" class=\"yoast-schema-graph\">{\"@context\":\"https:\\\/\\\/schema.org\",\"@graph\":[{\"@type\":\"WebPage\",\"@id\":\"https:\\\/\\\/spectramarketinggroup.com\\\/fr\\\/\",\"url\":\"https:\\\/\\\/spectramarketinggroup.com\\\/fr\\\/\",\"name\":\"Accueil - Spectra\",\"isPartOf\":{\"@id\":\"https:\\\/\\\/spectramarketinggroup.com\\\/fr\\\/#website\"},\"datePublished\":\"2023-11-28T08:48:24+00:00\",\"dateModified\":\"2024-10-29T16:38:15+00:00\",\"breadcrumb\":{\"@id\":\"https:\\\/\\\/spectramarketinggroup.com\\\/fr\\\/#breadcrumb\"},\"inLanguage\":\"fr-FR\",\"potentialAction\":[{\"@type\":\"ReadAction\",\"target\":[\"https:\\\/\\\/spectramarketinggroup.com\\\/fr\\\/\"]}]},{\"@type\":\"BreadcrumbList\",\"@id\":\"https:\\\/\\\/spectramarketinggroup.com\\\/fr\\\/#breadcrumb\",\"itemListElement\":[{\"@type\":\"ListItem\",\"position\":1,\"name\":\"Home\",\"item\":\"https:\\\/\\\/spectramarketinggroup.com\\\/fr\\\/\"},{\"@type\":\"ListItem\",\"position\":2,\"name\":\"Accueil\"}]},{\"@type\":\"WebSite\",\"@id\":\"https:\\\/\\\/spectramarketinggroup.com\\\/fr\\\/#website\",\"url\":\"https:\\\/\\\/spectramarketinggroup.com\\\/fr\\\/\",\"name\":\"Spectra\",\"description\":\"\",\"potentialAction\":[{\"@type\":\"SearchAction\",\"target\":{\"@type\":\"EntryPoint\",\"urlTemplate\":\"https:\\\/\\\/spectramarketinggroup.com\\\/fr\\\/?s={search_term_string}\"},\"query-input\":{\"@type\":\"PropertyValueSpecification\",\"valueRequired\":true,\"valueName\":\"search_term_string\"}}],\"inLanguage\":\"fr-FR\"}]}<\/script>\n<!-- \/ Yoast SEO plugin. -->","yoast_head_json":{"title":"Accueil - Spectra","robots":{"index":"index","follow":"follow","max-snippet":"max-snippet:-1","max-image-preview":"max-image-preview:large","max-video-preview":"max-video-preview:-1"},"canonical":"https:\/\/spectramarketinggroup.com\/fr\/","og_locale":"fr_FR","og_type":"article","og_title":"Accueil - Spectra","og_url":"https:\/\/spectramarketinggroup.com\/fr\/","og_site_name":"Spectra","article_modified_time":"2024-10-29T16:38:15+00:00","twitter_card":"summary_large_image","schema":{"@context":"https:\/\/schema.org","@graph":[{"@type":"WebPage","@id":"https:\/\/spectramarketinggroup.com\/fr\/","url":"https:\/\/spectramarketinggroup.com\/fr\/","name":"Accueil - Spectra","isPartOf":{"@id":"https:\/\/spectramarketinggroup.com\/fr\/#website"},"datePublished":"2023-11-28T08:48:24+00:00","dateModified":"2024-10-29T16:38:15+00:00","breadcrumb":{"@id":"https:\/\/spectramarketinggroup.com\/fr\/#breadcrumb"},"inLanguage":"fr-FR","potentialAction":[{"@type":"ReadAction","target":["https:\/\/spectramarketinggroup.com\/fr\/"]}]},{"@type":"BreadcrumbList","@id":"https:\/\/spectramarketinggroup.com\/fr\/#breadcrumb","itemListElement":[{"@type":"ListItem","position":1,"name":"Home","item":"https:\/\/spectramarketinggroup.com\/fr\/"},{"@type":"ListItem","position":2,"name":"Accueil"}]},{"@type":"WebSite","@id":"https:\/\/spectramarketinggroup.com\/fr\/#website","url":"https:\/\/spectramarketinggroup.com\/fr\/","name":"Spectra","description":"","potentialAction":[{"@type":"SearchAction","target":{"@type":"EntryPoint","urlTemplate":"https:\/\/spectramarketinggroup.com\/fr\/?s={search_term_string}"},"query-input":{"@type":"PropertyValueSpecification","valueRequired":true,"valueName":"search_term_string"}}],"inLanguage":"fr-FR"}]}},"_links":{"self":[{"href":"https:\/\/spectramarketinggroup.com\/fr\/wp-json\/wp\/v2\/pages\/1298","targetHints":{"allow":["GET"]}}],"collection":[{"href":"https:\/\/spectramarketinggroup.com\/fr\/wp-json\/wp\/v2\/pages"}],"about":[{"href":"https:\/\/spectramarketinggroup.com\/fr\/wp-json\/wp\/v2\/types\/page"}],"author":[{"embeddable":true,"href":"https:\/\/spectramarketinggroup.com\/fr\/wp-json\/wp\/v2\/users\/3"}],"replies":[{"embeddable":true,"href":"https:\/\/spectramarketinggroup.com\/fr\/wp-json\/wp\/v2\/comments?post=1298"}],"version-history":[{"count":0,"href":"https:\/\/spectramarketinggroup.com\/fr\/wp-json\/wp\/v2\/pages\/1298\/revisions"}],"wp:attachment":[{"href":"https:\/\/spectramarketinggroup.com\/fr\/wp-json\/wp\/v2\/media?parent=1298"}],"curies":[{"name":"wp","href":"https:\/\/api.w.org\/{rel}","templated":true}]}}