{"id":1299,"date":"2024-06-11T04:48:59","date_gmt":"2024-06-11T08:48:59","guid":{"rendered":"https:\/\/spectramarketinggroup.com\/?page_id=1299"},"modified":"2024-10-29T12:39:43","modified_gmt":"2024-10-29T16:39:43","slug":"partenaires-fournisseurs","status":"publish","type":"page","link":"https:\/\/spectramarketinggroup.com\/fr\/partenaires-fournisseurs\/","title":{"rendered":"Partenaires fournisseurs"},"content":{"rendered":"<section id=\"block-1682aaf17d8e14ba\" class=\"block block-hero-2 lazyload\" data-bg=\"https:\/\/spectramarketinggroup.com\/wp-content\/uploads\/2024\/09\/aa43f9c78479c582e4600e7ac3834715-darker.jpg\">\n    <div class=\"container block-hero-2--container theme-light\">\n        <div class=\"block-hero-2--body\">\n            <h1 class=\"block-hero-2--heading\">Partenaires fournisseurs<\/h1>\n        <\/div>\n    <\/div>\n\n    <style>\n        #block-1682aaf17d8e14ba {\n                                }\n    <\/style>\n<\/section>\n\n\n<section id=\"block-c74d3653e68ce11a\" class=\"block block-flip-grid-1 block-flip-grid-1--image-right block-flip-grid-1--bg-colour1\">\n    <div class=\"block-flip-grid-1--grid\">\n                    <div class=\"block-flip-grid-1--column block-flip-grid-1--image align-items-center\" data-aos=\"fade-in\" data-aos-delay=\"0\">\n                <noscript><img decoding=\"async\" width=\"1740\" height=\"1620\" src=\"https:\/\/spectramarketinggroup.com\/wp-content\/uploads\/2024\/06\/Frame-268.jpg\" class alt srcset=\"https:\/\/spectramarketinggroup.com\/wp-content\/uploads\/2024\/06\/Frame-268.jpg 1740w, https:\/\/spectramarketinggroup.com\/wp-content\/uploads\/2024\/06\/Frame-268-300x279.jpg 300w, https:\/\/spectramarketinggroup.com\/wp-content\/uploads\/2024\/06\/Frame-268-1024x953.jpg 1024w, https:\/\/spectramarketinggroup.com\/wp-content\/uploads\/2024\/06\/Frame-268-768x715.jpg 768w, https:\/\/spectramarketinggroup.com\/wp-content\/uploads\/2024\/06\/Frame-268-1536x1430.jpg 1536w\" sizes=\"(max-width: 1740px) 100vw, 1740px\"><\/noscript><img decoding=\"async\" width=\"1740\" height=\"1620\" src=\"data:image\/svg+xml,%3Csvg%20xmlns%3D%22http%3A%2F%2Fwww.w3.org%2F2000%2Fsvg%22%20viewBox%3D%220%200%201740%201620%22%3E%3C%2Fsvg%3E\" class=\" lazyload\" alt srcset=\"data:image\/svg+xml,%3Csvg%20xmlns%3D%22http%3A%2F%2Fwww.w3.org%2F2000%2Fsvg%22%20viewBox%3D%220%200%201740%201620%22%3E%3C%2Fsvg%3E 1740w\" sizes=\"(max-width: 1740px) 100vw, 1740px\" data-srcset=\"https:\/\/spectramarketinggroup.com\/wp-content\/uploads\/2024\/06\/Frame-268.jpg 1740w, https:\/\/spectramarketinggroup.com\/wp-content\/uploads\/2024\/06\/Frame-268-300x279.jpg 300w, https:\/\/spectramarketinggroup.com\/wp-content\/uploads\/2024\/06\/Frame-268-1024x953.jpg 1024w, https:\/\/spectramarketinggroup.com\/wp-content\/uploads\/2024\/06\/Frame-268-768x715.jpg 768w, https:\/\/spectramarketinggroup.com\/wp-content\/uploads\/2024\/06\/Frame-268-1536x1430.jpg 1536w\" data-src=\"https:\/\/spectramarketinggroup.com\/wp-content\/uploads\/2024\/06\/Frame-268.jpg\">            <\/div>\n        \n                    <div class=\"block-flip-grid-1--column block-flip-grid-1--content align-items-center\" data-aos=\"fade-down\" data-aos-delay=\"300\">\n                <div class=\"container\">\n                    <div class=\"block-content--inner\">\n                        <div class=\"block-content\">\n                            <div class=\"entry-content\">\n                                <h2>Pourquoi choisir Spectra<\/h2>\n<h3>JOIGNEZ PLUS D\u2019ACHETEURS ET VENDEZ PLUS DE PRODUITS<\/h3>\n<p>En tant que fournisseur partenaire de Spectra, vous b\u00e9n\u00e9ficierez d\u2019une approche cibl\u00e9e pour augmenter votre part de march\u00e9 gr\u00e2ce \u00e0 notre mod\u00e8le de groupe de marketing. Nos membres se composent de 400+ salles d\u2019exposition et distributeurs qualifi\u00e9s \u00e0 travers l\u2019Am\u00e9rique du Nord. Par le biais de nos programmes annuels d\u2019incitation de marketing et d\u2019opportunit\u00e9s promotionnelles, Spectra travaille en \u00e9troite collaboration avec ses membres pour attirer de l\u2019attention sur vos produits.<\/p>\n<h3>NOUS CONNECTONS<\/h3>\n<p>Nous cultivons les partenariats. Le r\u00f4le de Spectra est d\u2019identifier les liens et de faciliter les relations qui stimulent la croissance avec nos partenaires fournisseurs. Nous maintenons un contact constant avec nos membres pour fournir des r\u00e9troactions aux fournisseurs et augmenter leur part de march\u00e9.<\/p>\n                            <\/div>\n\n                                                            <div class=\"block-button\">\n                                    <a href=\"https:\/\/spectramarketinggroup.com\/fr\/contactez-nous\/\" class=\"btn btn--icon-arrow btn--primary\" target=\"\">Devenir un partenaire fournisseur de Spectra<\/a>\n                                <\/div>\n                                                    <\/div>\n                    <\/div>\n                <\/div>\n            <\/div>\n            <\/div>\n\n    <style>\n        #block-c74d3653e68ce11a {\n                                }\n    <\/style>\n<\/section>\n","protected":false},"excerpt":{"rendered":"","protected":false},"author":3,"featured_media":0,"parent":0,"menu_order":0,"comment_status":"closed","ping_status":"closed","template":"","meta":{"_acf_changed":true,"footnotes":""},"class_list":["post-1299","page","type-page","status-publish","hentry"],"acf":[],"yoast_head":"<!-- This site is optimized with the Yoast SEO plugin v27.5 - https:\/\/yoast.com\/product\/yoast-seo-wordpress\/ -->\n<title>Partenaires fournisseurs - Spectra<\/title>\n<meta name=\"robots\" content=\"index, follow, max-snippet:-1, max-image-preview:large, max-video-preview:-1\" \/>\n<link rel=\"canonical\" href=\"https:\/\/spectramarketinggroup.com\/fr\/partenaires-fournisseurs\/\" \/>\n<meta property=\"og:locale\" content=\"fr_FR\" \/>\n<meta property=\"og:type\" content=\"article\" \/>\n<meta property=\"og:title\" content=\"Partenaires fournisseurs - Spectra\" \/>\n<meta property=\"og:url\" content=\"https:\/\/spectramarketinggroup.com\/fr\/partenaires-fournisseurs\/\" \/>\n<meta property=\"og:site_name\" content=\"Spectra\" \/>\n<meta property=\"article:modified_time\" content=\"2024-10-29T16:39:43+00:00\" \/>\n<meta name=\"twitter:card\" content=\"summary_large_image\" \/>\n<script type=\"application\/ld+json\" class=\"yoast-schema-graph\">{\"@context\":\"https:\\\/\\\/schema.org\",\"@graph\":[{\"@type\":\"WebPage\",\"@id\":\"https:\\\/\\\/spectramarketinggroup.com\\\/fr\\\/partenaires-fournisseurs\\\/\",\"url\":\"https:\\\/\\\/spectramarketinggroup.com\\\/fr\\\/partenaires-fournisseurs\\\/\",\"name\":\"Partenaires fournisseurs - Spectra\",\"isPartOf\":{\"@id\":\"https:\\\/\\\/spectramarketinggroup.com\\\/fr\\\/#website\"},\"datePublished\":\"2024-06-11T08:48:59+00:00\",\"dateModified\":\"2024-10-29T16:39:43+00:00\",\"breadcrumb\":{\"@id\":\"https:\\\/\\\/spectramarketinggroup.com\\\/fr\\\/partenaires-fournisseurs\\\/#breadcrumb\"},\"inLanguage\":\"fr-FR\",\"potentialAction\":[{\"@type\":\"ReadAction\",\"target\":[\"https:\\\/\\\/spectramarketinggroup.com\\\/fr\\\/partenaires-fournisseurs\\\/\"]}]},{\"@type\":\"BreadcrumbList\",\"@id\":\"https:\\\/\\\/spectramarketinggroup.com\\\/fr\\\/partenaires-fournisseurs\\\/#breadcrumb\",\"itemListElement\":[{\"@type\":\"ListItem\",\"position\":1,\"name\":\"Home\",\"item\":\"https:\\\/\\\/spectramarketinggroup.com\\\/fr\\\/\"},{\"@type\":\"ListItem\",\"position\":2,\"name\":\"Partenaires fournisseurs\"}]},{\"@type\":\"WebSite\",\"@id\":\"https:\\\/\\\/spectramarketinggroup.com\\\/fr\\\/#website\",\"url\":\"https:\\\/\\\/spectramarketinggroup.com\\\/fr\\\/\",\"name\":\"Spectra\",\"description\":\"\",\"potentialAction\":[{\"@type\":\"SearchAction\",\"target\":{\"@type\":\"EntryPoint\",\"urlTemplate\":\"https:\\\/\\\/spectramarketinggroup.com\\\/fr\\\/?s={search_term_string}\"},\"query-input\":{\"@type\":\"PropertyValueSpecification\",\"valueRequired\":true,\"valueName\":\"search_term_string\"}}],\"inLanguage\":\"fr-FR\"}]}<\/script>\n<!-- \/ Yoast SEO plugin. -->","yoast_head_json":{"title":"Partenaires fournisseurs - Spectra","robots":{"index":"index","follow":"follow","max-snippet":"max-snippet:-1","max-image-preview":"max-image-preview:large","max-video-preview":"max-video-preview:-1"},"canonical":"https:\/\/spectramarketinggroup.com\/fr\/partenaires-fournisseurs\/","og_locale":"fr_FR","og_type":"article","og_title":"Partenaires fournisseurs - Spectra","og_url":"https:\/\/spectramarketinggroup.com\/fr\/partenaires-fournisseurs\/","og_site_name":"Spectra","article_modified_time":"2024-10-29T16:39:43+00:00","twitter_card":"summary_large_image","schema":{"@context":"https:\/\/schema.org","@graph":[{"@type":"WebPage","@id":"https:\/\/spectramarketinggroup.com\/fr\/partenaires-fournisseurs\/","url":"https:\/\/spectramarketinggroup.com\/fr\/partenaires-fournisseurs\/","name":"Partenaires fournisseurs - Spectra","isPartOf":{"@id":"https:\/\/spectramarketinggroup.com\/fr\/#website"},"datePublished":"2024-06-11T08:48:59+00:00","dateModified":"2024-10-29T16:39:43+00:00","breadcrumb":{"@id":"https:\/\/spectramarketinggroup.com\/fr\/partenaires-fournisseurs\/#breadcrumb"},"inLanguage":"fr-FR","potentialAction":[{"@type":"ReadAction","target":["https:\/\/spectramarketinggroup.com\/fr\/partenaires-fournisseurs\/"]}]},{"@type":"BreadcrumbList","@id":"https:\/\/spectramarketinggroup.com\/fr\/partenaires-fournisseurs\/#breadcrumb","itemListElement":[{"@type":"ListItem","position":1,"name":"Home","item":"https:\/\/spectramarketinggroup.com\/fr\/"},{"@type":"ListItem","position":2,"name":"Partenaires fournisseurs"}]},{"@type":"WebSite","@id":"https:\/\/spectramarketinggroup.com\/fr\/#website","url":"https:\/\/spectramarketinggroup.com\/fr\/","name":"Spectra","description":"","potentialAction":[{"@type":"SearchAction","target":{"@type":"EntryPoint","urlTemplate":"https:\/\/spectramarketinggroup.com\/fr\/?s={search_term_string}"},"query-input":{"@type":"PropertyValueSpecification","valueRequired":true,"valueName":"search_term_string"}}],"inLanguage":"fr-FR"}]}},"_links":{"self":[{"href":"https:\/\/spectramarketinggroup.com\/fr\/wp-json\/wp\/v2\/pages\/1299","targetHints":{"allow":["GET"]}}],"collection":[{"href":"https:\/\/spectramarketinggroup.com\/fr\/wp-json\/wp\/v2\/pages"}],"about":[{"href":"https:\/\/spectramarketinggroup.com\/fr\/wp-json\/wp\/v2\/types\/page"}],"author":[{"embeddable":true,"href":"https:\/\/spectramarketinggroup.com\/fr\/wp-json\/wp\/v2\/users\/3"}],"replies":[{"embeddable":true,"href":"https:\/\/spectramarketinggroup.com\/fr\/wp-json\/wp\/v2\/comments?post=1299"}],"version-history":[{"count":0,"href":"https:\/\/spectramarketinggroup.com\/fr\/wp-json\/wp\/v2\/pages\/1299\/revisions"}],"wp:attachment":[{"href":"https:\/\/spectramarketinggroup.com\/fr\/wp-json\/wp\/v2\/media?parent=1299"}],"curies":[{"name":"wp","href":"https:\/\/api.w.org\/{rel}","templated":true}]}}