{"id":1300,"date":"2024-06-11T04:49:08","date_gmt":"2024-06-11T08:49:08","guid":{"rendered":"https:\/\/spectramarketinggroup.com\/?page_id=1300"},"modified":"2024-09-11T13:29:15","modified_gmt":"2024-09-11T17:29:15","slug":"membres","status":"publish","type":"page","link":"https:\/\/spectramarketinggroup.com\/fr\/membres\/","title":{"rendered":"Membres"},"content":{"rendered":"<section id=\"block-1682aaf17d8e14ba\" class=\"block block-hero-2 lazyload\" data-bg=\"https:\/\/spectramarketinggroup.com\/wp-content\/uploads\/2024\/06\/e100adbd65f876251b87d7d6c4824e1f.jpeg\">\n    <div class=\"container block-hero-2--container theme-light\">\n        <div class=\"block-hero-2--body\">\n            <h1 class=\"block-hero-2--heading\">Membres<\/h1>\n        <\/div>\n    <\/div>\n\n    <style>\n        #block-1682aaf17d8e14ba {\n                                }\n    <\/style>\n<\/section>\n\n\n<section id=\"block-c74d3653e68ce11a\" class=\"block block-flip-grid-1 block-flip-grid-1--image-right block-flip-grid-1--bg-colour1\">\n    <div class=\"block-flip-grid-1--grid\">\n                    <div class=\"block-flip-grid-1--column block-flip-grid-1--image align-items-center\" data-aos=\"fade-in\" data-aos-delay=\"0\">\n                <noscript><img decoding=\"async\" width=\"1728\" height=\"1652\" src=\"https:\/\/spectramarketinggroup.com\/wp-content\/uploads\/2024\/06\/Frame-2681.jpg\" class alt srcset=\"https:\/\/spectramarketinggroup.com\/wp-content\/uploads\/2024\/06\/Frame-2681.jpg 1728w, https:\/\/spectramarketinggroup.com\/wp-content\/uploads\/2024\/06\/Frame-2681-300x287.jpg 300w, https:\/\/spectramarketinggroup.com\/wp-content\/uploads\/2024\/06\/Frame-2681-1024x979.jpg 1024w, https:\/\/spectramarketinggroup.com\/wp-content\/uploads\/2024\/06\/Frame-2681-768x734.jpg 768w, https:\/\/spectramarketinggroup.com\/wp-content\/uploads\/2024\/06\/Frame-2681-1536x1468.jpg 1536w\" sizes=\"(max-width: 1728px) 100vw, 1728px\"><\/noscript><img decoding=\"async\" width=\"1728\" height=\"1652\" src=\"data:image\/svg+xml,%3Csvg%20xmlns%3D%22http%3A%2F%2Fwww.w3.org%2F2000%2Fsvg%22%20viewBox%3D%220%200%201728%201652%22%3E%3C%2Fsvg%3E\" class=\" lazyload\" alt srcset=\"data:image\/svg+xml,%3Csvg%20xmlns%3D%22http%3A%2F%2Fwww.w3.org%2F2000%2Fsvg%22%20viewBox%3D%220%200%201728%201652%22%3E%3C%2Fsvg%3E 1728w\" sizes=\"(max-width: 1728px) 100vw, 1728px\" data-srcset=\"https:\/\/spectramarketinggroup.com\/wp-content\/uploads\/2024\/06\/Frame-2681.jpg 1728w, https:\/\/spectramarketinggroup.com\/wp-content\/uploads\/2024\/06\/Frame-2681-300x287.jpg 300w, https:\/\/spectramarketinggroup.com\/wp-content\/uploads\/2024\/06\/Frame-2681-1024x979.jpg 1024w, https:\/\/spectramarketinggroup.com\/wp-content\/uploads\/2024\/06\/Frame-2681-768x734.jpg 768w, https:\/\/spectramarketinggroup.com\/wp-content\/uploads\/2024\/06\/Frame-2681-1536x1468.jpg 1536w\" data-src=\"https:\/\/spectramarketinggroup.com\/wp-content\/uploads\/2024\/06\/Frame-2681.jpg\">            <\/div>\n        \n                    <div class=\"block-flip-grid-1--column block-flip-grid-1--content align-items-center\" data-aos=\"fade-down\" data-aos-delay=\"300\">\n                <div class=\"container\">\n                    <div class=\"block-content--inner\">\n                        <div class=\"block-content\">\n                            <div class=\"entry-content\">\n                                <h2>Pourquoi choisir Spectra<\/h2>\n<h3>NOUS CONNECTONS<\/h3>\n<p>Nous travaillons en \u00e9troite collaboration avec nos membres et nos partenaires fournisseurs pour cultiver des relations qui augmentent la rentabilit\u00e9 des membres gr\u00e2ce \u00e0 des programmes annuels et \u00e0 des opportunit\u00e9s promotionnelles.<\/p>\n<h3>AUGMENTER LA RENTABILIT\u00c9<\/h3>\n<p>Spectra rassemble des salles d\u2019exposition et des distributeurs ind\u00e9pendants en tirant parti du volume du groupe, ce qui vous aide \u00e0 concurrencer avec les magasins \u00e0 grande surface et les d\u00e9taillants en ligne dans les secteurs de l\u2019\u00e9clairage, de l\u2019\u00e9lectricit\u00e9 et de la d\u00e9coration int\u00e9rieure.<\/p>\n<p>Gr\u00e2ce \u00e0 notre \u00e9quipe d\u00e9vou\u00e9e qui se concentre sur l\u2019\u00e9laboration de vos possibilit\u00e9s de gains et \u00e0 l\u2019acc\u00e8s aux programmes et promotions exclusifs des fournisseurs de Spectra, vous pouvez augmenter votre rentabilit\u00e9 et am\u00e9liorer votre chiffre d\u2019affaires tout en pr\u00e9servant votre ind\u00e9pendance.<\/p>\n                            <\/div>\n\n                                                            <div class=\"block-button\">\n                                    <a href=\"https:\/\/spectramarketinggroup.com\/fr\/contactez-nous\/\" class=\"btn btn--icon-arrow btn--primary\" target=\"\">Devenir membre de Spectra<\/a>\n                                <\/div>\n                                                    <\/div>\n                    <\/div>\n                <\/div>\n            <\/div>\n            <\/div>\n\n    <style>\n        #block-c74d3653e68ce11a {\n                                }\n    <\/style>\n<\/section>\n","protected":false},"excerpt":{"rendered":"","protected":false},"author":3,"featured_media":0,"parent":0,"menu_order":0,"comment_status":"closed","ping_status":"closed","template":"","meta":{"_acf_changed":true,"footnotes":""},"class_list":["post-1300","page","type-page","status-publish","hentry"],"acf":[],"yoast_head":"<!-- This site is optimized with the Yoast SEO plugin v27.6 - https:\/\/yoast.com\/product\/yoast-seo-wordpress\/ -->\n<title>Membres - Spectra<\/title>\n<meta name=\"robots\" content=\"index, follow, max-snippet:-1, max-image-preview:large, max-video-preview:-1\" \/>\n<link rel=\"canonical\" href=\"https:\/\/spectramarketinggroup.com\/fr\/membres\/\" \/>\n<meta property=\"og:locale\" content=\"fr_FR\" \/>\n<meta property=\"og:type\" content=\"article\" \/>\n<meta property=\"og:title\" content=\"Membres - Spectra\" \/>\n<meta property=\"og:url\" content=\"https:\/\/spectramarketinggroup.com\/fr\/membres\/\" \/>\n<meta property=\"og:site_name\" content=\"Spectra\" \/>\n<meta property=\"article:modified_time\" content=\"2024-09-11T17:29:15+00:00\" \/>\n<meta name=\"twitter:card\" content=\"summary_large_image\" \/>\n<script type=\"application\/ld+json\" class=\"yoast-schema-graph\">{\"@context\":\"https:\\\/\\\/schema.org\",\"@graph\":[{\"@type\":\"WebPage\",\"@id\":\"https:\\\/\\\/spectramarketinggroup.com\\\/fr\\\/membres\\\/\",\"url\":\"https:\\\/\\\/spectramarketinggroup.com\\\/fr\\\/membres\\\/\",\"name\":\"Membres - Spectra\",\"isPartOf\":{\"@id\":\"https:\\\/\\\/spectramarketinggroup.com\\\/fr\\\/#website\"},\"datePublished\":\"2024-06-11T08:49:08+00:00\",\"dateModified\":\"2024-09-11T17:29:15+00:00\",\"breadcrumb\":{\"@id\":\"https:\\\/\\\/spectramarketinggroup.com\\\/fr\\\/membres\\\/#breadcrumb\"},\"inLanguage\":\"fr-FR\",\"potentialAction\":[{\"@type\":\"ReadAction\",\"target\":[\"https:\\\/\\\/spectramarketinggroup.com\\\/fr\\\/membres\\\/\"]}]},{\"@type\":\"BreadcrumbList\",\"@id\":\"https:\\\/\\\/spectramarketinggroup.com\\\/fr\\\/membres\\\/#breadcrumb\",\"itemListElement\":[{\"@type\":\"ListItem\",\"position\":1,\"name\":\"Home\",\"item\":\"https:\\\/\\\/spectramarketinggroup.com\\\/fr\\\/\"},{\"@type\":\"ListItem\",\"position\":2,\"name\":\"Membres\"}]},{\"@type\":\"WebSite\",\"@id\":\"https:\\\/\\\/spectramarketinggroup.com\\\/fr\\\/#website\",\"url\":\"https:\\\/\\\/spectramarketinggroup.com\\\/fr\\\/\",\"name\":\"Spectra\",\"description\":\"\",\"potentialAction\":[{\"@type\":\"SearchAction\",\"target\":{\"@type\":\"EntryPoint\",\"urlTemplate\":\"https:\\\/\\\/spectramarketinggroup.com\\\/fr\\\/?s={search_term_string}\"},\"query-input\":{\"@type\":\"PropertyValueSpecification\",\"valueRequired\":true,\"valueName\":\"search_term_string\"}}],\"inLanguage\":\"fr-FR\"}]}<\/script>\n<!-- \/ Yoast SEO plugin. -->","yoast_head_json":{"title":"Membres - Spectra","robots":{"index":"index","follow":"follow","max-snippet":"max-snippet:-1","max-image-preview":"max-image-preview:large","max-video-preview":"max-video-preview:-1"},"canonical":"https:\/\/spectramarketinggroup.com\/fr\/membres\/","og_locale":"fr_FR","og_type":"article","og_title":"Membres - Spectra","og_url":"https:\/\/spectramarketinggroup.com\/fr\/membres\/","og_site_name":"Spectra","article_modified_time":"2024-09-11T17:29:15+00:00","twitter_card":"summary_large_image","schema":{"@context":"https:\/\/schema.org","@graph":[{"@type":"WebPage","@id":"https:\/\/spectramarketinggroup.com\/fr\/membres\/","url":"https:\/\/spectramarketinggroup.com\/fr\/membres\/","name":"Membres - Spectra","isPartOf":{"@id":"https:\/\/spectramarketinggroup.com\/fr\/#website"},"datePublished":"2024-06-11T08:49:08+00:00","dateModified":"2024-09-11T17:29:15+00:00","breadcrumb":{"@id":"https:\/\/spectramarketinggroup.com\/fr\/membres\/#breadcrumb"},"inLanguage":"fr-FR","potentialAction":[{"@type":"ReadAction","target":["https:\/\/spectramarketinggroup.com\/fr\/membres\/"]}]},{"@type":"BreadcrumbList","@id":"https:\/\/spectramarketinggroup.com\/fr\/membres\/#breadcrumb","itemListElement":[{"@type":"ListItem","position":1,"name":"Home","item":"https:\/\/spectramarketinggroup.com\/fr\/"},{"@type":"ListItem","position":2,"name":"Membres"}]},{"@type":"WebSite","@id":"https:\/\/spectramarketinggroup.com\/fr\/#website","url":"https:\/\/spectramarketinggroup.com\/fr\/","name":"Spectra","description":"","potentialAction":[{"@type":"SearchAction","target":{"@type":"EntryPoint","urlTemplate":"https:\/\/spectramarketinggroup.com\/fr\/?s={search_term_string}"},"query-input":{"@type":"PropertyValueSpecification","valueRequired":true,"valueName":"search_term_string"}}],"inLanguage":"fr-FR"}]}},"_links":{"self":[{"href":"https:\/\/spectramarketinggroup.com\/fr\/wp-json\/wp\/v2\/pages\/1300","targetHints":{"allow":["GET"]}}],"collection":[{"href":"https:\/\/spectramarketinggroup.com\/fr\/wp-json\/wp\/v2\/pages"}],"about":[{"href":"https:\/\/spectramarketinggroup.com\/fr\/wp-json\/wp\/v2\/types\/page"}],"author":[{"embeddable":true,"href":"https:\/\/spectramarketinggroup.com\/fr\/wp-json\/wp\/v2\/users\/3"}],"replies":[{"embeddable":true,"href":"https:\/\/spectramarketinggroup.com\/fr\/wp-json\/wp\/v2\/comments?post=1300"}],"version-history":[{"count":0,"href":"https:\/\/spectramarketinggroup.com\/fr\/wp-json\/wp\/v2\/pages\/1300\/revisions"}],"wp:attachment":[{"href":"https:\/\/spectramarketinggroup.com\/fr\/wp-json\/wp\/v2\/media?parent=1300"}],"curies":[{"name":"wp","href":"https:\/\/api.w.org\/{rel}","templated":true}]}}