{"id":1302,"date":"2023-11-28T03:48:40","date_gmt":"2023-11-28T08:48:40","guid":{"rendered":"https:\/\/spectramarketinggroup.com\/about-us\/"},"modified":"2024-09-26T10:40:38","modified_gmt":"2024-09-26T14:40:38","slug":"about-us","status":"publish","type":"page","link":"https:\/\/spectramarketinggroup.com\/fr\/about-us\/","title":{"rendered":"\u00c0 propos de nous"},"content":{"rendered":"<section id=\"block-1682aaf17d8e14ba\" class=\"block block-hero-2 lazyload\" data-bg=\"https:\/\/spectramarketinggroup.com\/wp-content\/uploads\/2024\/06\/02bb8f82caafff921976d9fae8d9234a-scaled.jpeg\">\n    <div class=\"container block-hero-2--container theme-light\">\n        <div class=\"block-hero-2--body\">\n            <h1 class=\"block-hero-2--heading\">\u00c0 propos de nous<\/h1>\n        <\/div>\n    <\/div>\n\n    <style>\n        #block-1682aaf17d8e14ba {\n            padding-top: -1px;                    }\n    <\/style>\n<\/section>\n\n\n<section id=\"block-c74d3653e68ce11a\" class=\"block block-flip-grid-2 block-flip-grid-2--image-right\">\n    <div class=\"container\">\n        <div class=\"block-flip-grid-2--grid\">\n                            <div class=\"block-flip-grid-2--image\" data-aos=\"fade-in\" data-aos-delay=\"0\">\n                                            <noscript><img decoding=\"async\" width=\"1374\" height=\"1286\" src=\"https:\/\/spectramarketinggroup.com\/wp-content\/uploads\/2024\/06\/a.png\" class alt srcset=\"https:\/\/spectramarketinggroup.com\/wp-content\/uploads\/2024\/06\/a.png 1374w, https:\/\/spectramarketinggroup.com\/wp-content\/uploads\/2024\/06\/a-300x281.png 300w, https:\/\/spectramarketinggroup.com\/wp-content\/uploads\/2024\/06\/a-1024x958.png 1024w, https:\/\/spectramarketinggroup.com\/wp-content\/uploads\/2024\/06\/a-768x719.png 768w\" sizes=\"(max-width: 1374px) 100vw, 1374px\"><\/noscript><img decoding=\"async\" width=\"1374\" height=\"1286\" src=\"data:image\/svg+xml,%3Csvg%20xmlns%3D%22http%3A%2F%2Fwww.w3.org%2F2000%2Fsvg%22%20viewBox%3D%220%200%201374%201286%22%3E%3C%2Fsvg%3E\" class=\" lazyload\" alt srcset=\"data:image\/svg+xml,%3Csvg%20xmlns%3D%22http%3A%2F%2Fwww.w3.org%2F2000%2Fsvg%22%20viewBox%3D%220%200%201374%201286%22%3E%3C%2Fsvg%3E 1374w\" sizes=\"(max-width: 1374px) 100vw, 1374px\" data-srcset=\"https:\/\/spectramarketinggroup.com\/wp-content\/uploads\/2024\/06\/a.png 1374w, https:\/\/spectramarketinggroup.com\/wp-content\/uploads\/2024\/06\/a-300x281.png 300w, https:\/\/spectramarketinggroup.com\/wp-content\/uploads\/2024\/06\/a-1024x958.png 1024w, https:\/\/spectramarketinggroup.com\/wp-content\/uploads\/2024\/06\/a-768x719.png 768w\" data-src=\"https:\/\/spectramarketinggroup.com\/wp-content\/uploads\/2024\/06\/a.png\">                                    <\/div>\n            \n                            <div class=\"block-flip-grid-2--content\" data-aos=\"fade-down\" data-aos-delay=\"300\">\n                    <div class=\"entry-content\">\n                        <h2>Qui nous sommes<\/h2>\n<p>Chez Spectra, nous croyons que la base d\u2019un partenariat commence par les pr\u00e9sentations. Notre r\u00f4le est d\u2019identifier les liens et de faciliter les relations qui stimulent la croissance gr\u00e2ce \u00e0 nos programmes de partenariat avec les fournisseurs. Nous pr\u00e9parons le terrain pour que vous puissiez d\u00e9velopper des relations de mani\u00e8re ind\u00e9pendante. Nous continuons d\u2019\u00e9voluer en fonction des conditions changeantes du march\u00e9, ce quipermet \u00e0 nos partenaires de b\u00e9n\u00e9ficier d\u2019une valeur ajout\u00e9e significative pour leurs entreprises.<\/p>\n<p>Nous cultivons des partenariats qui renforcent les communications et stimulent le d\u00e9veloppement des entreprises. Nous nous investissons en permanence dans votre succ\u00e8s.<\/p>\n<p>Nous prenons le temps d\u2019apprendre et de comprendre votre entreprise, de faciliter de r\u00e9elles opportunit\u00e9s de croissance, d\u2019apporter des changements strat\u00e9giques et de communiquer ouvertement.<\/p>\n<p>Tout ce que nous faisons tourne autour de nos contributions \u00e0 la r\u00e9ussite de votre entreprise.<\/p>\n                    <\/div>\n\n                                    <\/div>\n                    <\/div>\n    <\/div>\n\n    <style>\n        #block-c74d3653e68ce11a {\n                                }\n    <\/style>\n<\/section>\n\n\n<section id=\"block-2786894c23eb8d6c\" class=\"block block-flip-grid-1 block-flip-grid-1--image-left block-flip-grid-1--bg-colour2\">\n    <div class=\"block-flip-grid-1--grid\">\n                    <div class=\"block-flip-grid-1--column block-flip-grid-1--image align-items-center\" data-aos=\"fade-in\" data-aos-delay=\"0\">\n                <noscript><img decoding=\"async\" width=\"1728\" height=\"1946\" src=\"https:\/\/spectramarketinggroup.com\/wp-content\/uploads\/2024\/06\/Frame-112.jpg\" class alt srcset=\"https:\/\/spectramarketinggroup.com\/wp-content\/uploads\/2024\/06\/Frame-112.jpg 1728w, https:\/\/spectramarketinggroup.com\/wp-content\/uploads\/2024\/06\/Frame-112-266x300.jpg 266w, https:\/\/spectramarketinggroup.com\/wp-content\/uploads\/2024\/06\/Frame-112-909x1024.jpg 909w, https:\/\/spectramarketinggroup.com\/wp-content\/uploads\/2024\/06\/Frame-112-768x865.jpg 768w, https:\/\/spectramarketinggroup.com\/wp-content\/uploads\/2024\/06\/Frame-112-1364x1536.jpg 1364w\" sizes=\"(max-width: 1728px) 100vw, 1728px\"><\/noscript><img decoding=\"async\" width=\"1728\" height=\"1946\" src=\"data:image\/svg+xml,%3Csvg%20xmlns%3D%22http%3A%2F%2Fwww.w3.org%2F2000%2Fsvg%22%20viewBox%3D%220%200%201728%201946%22%3E%3C%2Fsvg%3E\" class=\" lazyload\" alt srcset=\"data:image\/svg+xml,%3Csvg%20xmlns%3D%22http%3A%2F%2Fwww.w3.org%2F2000%2Fsvg%22%20viewBox%3D%220%200%201728%201946%22%3E%3C%2Fsvg%3E 1728w\" sizes=\"(max-width: 1728px) 100vw, 1728px\" data-srcset=\"https:\/\/spectramarketinggroup.com\/wp-content\/uploads\/2024\/06\/Frame-112.jpg 1728w, https:\/\/spectramarketinggroup.com\/wp-content\/uploads\/2024\/06\/Frame-112-266x300.jpg 266w, https:\/\/spectramarketinggroup.com\/wp-content\/uploads\/2024\/06\/Frame-112-909x1024.jpg 909w, https:\/\/spectramarketinggroup.com\/wp-content\/uploads\/2024\/06\/Frame-112-768x865.jpg 768w, https:\/\/spectramarketinggroup.com\/wp-content\/uploads\/2024\/06\/Frame-112-1364x1536.jpg 1364w\" data-src=\"https:\/\/spectramarketinggroup.com\/wp-content\/uploads\/2024\/06\/Frame-112.jpg\">            <\/div>\n        \n                    <div class=\"block-flip-grid-1--column block-flip-grid-1--content align-items-center\" data-aos=\"fade-down\" data-aos-delay=\"300\">\n                <div class=\"container\">\n                    <div class=\"block-content--inner\">\n                        <div class=\"block-content\">\n                            <div class=\"entry-content\">\n                                <h2>Une soci\u00e9t\u00e9 NMG<\/h2>\n<p><strong>Spectra est une soci\u00e9t\u00e9 NMG<\/strong><\/p>\n<p>New Market Group (NMG), bas\u00e9 \u00e0 Newmarket (Ontario), fait partie du premier portefeuille de groupes de marketing en Am\u00e9rique du Nord. Compos\u00e9e de groupes de marketing dans les secteurs de la restauration, de l\u2019approvisionnement industriel, de l\u2019\u00e9clairage, de la d\u00e9coration int\u00e9rieure et de l\u2019\u00e9quipement de construction, NMG dispose de :<\/p>\n<ul>\n<li><strong>Plus de 750 partenaires fournisseurs<\/strong><\/li>\n<li><strong>Plus de 1\u202f050 concessionnaires, distributeurs et membres de salle d\u2019exposition<\/strong><\/li>\n<li><strong>Plus de 45 ans d\u2019expertise dans l\u2019industrie<\/strong><\/li>\n<\/ul>\n<p>Depuis 1978, NMG entretient des relations \u00e9troites avec les principaux acteurs de l\u2019industrie. Notre \u00e9quipe de gestion de longue date fournit des ressources et des conseils dans le seul but d\u2019accro\u00eetre la rentabilit\u00e9 des membres et d\u2019augmenter les volumes de ventes des partenaires fournisseurs.<\/p>\n<p>NMG conna\u00eet bien le march\u00e9 mondial et son impact sur les industries dans lesquelles elle exerce ses activit\u00e9s. En outre, NMG g\u00e8re une division d\u2019information sur les march\u00e9s et offre des services de marketing adapt\u00e9s \u00e0 votre secteur d\u2019activit\u00e9 sp\u00e9cifique, donnant \u00e0 votre entreprise les outils n\u00e9cessaires pour rester comp\u00e9titive.<\/p>\n                            <\/div>\n\n                                                            <div class=\"block-button\">\n                                    <a href=\"https:\/\/newmarketgroup.com\/fr\/\" class=\"btn btn--icon-arrow btn--primary\" target=\"_blank\">En savoir plus<\/a>\n                                <\/div>\n                                                    <\/div>\n                    <\/div>\n                <\/div>\n            <\/div>\n            <\/div>\n\n    <style>\n        #block-2786894c23eb8d6c {\n                                }\n    <\/style>\n<\/section>\n","protected":false},"excerpt":{"rendered":"","protected":false},"author":2,"featured_media":0,"parent":0,"menu_order":0,"comment_status":"closed","ping_status":"closed","template":"","meta":{"_acf_changed":true,"footnotes":""},"class_list":["post-1302","page","type-page","status-publish","hentry"],"acf":[],"yoast_head":"<!-- This site is optimized with the Yoast SEO plugin v27.6 - https:\/\/yoast.com\/product\/yoast-seo-wordpress\/ -->\n<title>\u00c0 propos de nous - Spectra<\/title>\n<meta name=\"description\" content=\"At Spectra, we believe the foundation of partnership begins with introductions. Our role is to identify connections and facilitate relationships that drive growth through our Supplier Partner Programs.\" \/>\n<meta name=\"robots\" content=\"index, follow, max-snippet:-1, max-image-preview:large, max-video-preview:-1\" \/>\n<link rel=\"canonical\" href=\"https:\/\/spectramarketinggroup.com\/fr\/about-us\/\" \/>\n<meta property=\"og:locale\" content=\"fr_FR\" \/>\n<meta property=\"og:type\" content=\"article\" \/>\n<meta property=\"og:title\" content=\"\u00c0 propos de nous - Spectra\" \/>\n<meta property=\"og:description\" content=\"At Spectra, we believe the foundation of partnership begins with introductions. Our role is to identify connections and facilitate relationships that drive growth through our Supplier Partner Programs.\" \/>\n<meta property=\"og:url\" content=\"https:\/\/spectramarketinggroup.com\/fr\/about-us\/\" \/>\n<meta property=\"og:site_name\" content=\"Spectra\" \/>\n<meta property=\"article:modified_time\" content=\"2024-09-26T14:40:38+00:00\" \/>\n<meta name=\"twitter:card\" content=\"summary_large_image\" \/>\n<script type=\"application\/ld+json\" class=\"yoast-schema-graph\">{\"@context\":\"https:\\\/\\\/schema.org\",\"@graph\":[{\"@type\":\"WebPage\",\"@id\":\"https:\\\/\\\/spectramarketinggroup.com\\\/fr\\\/about-us\\\/\",\"url\":\"https:\\\/\\\/spectramarketinggroup.com\\\/fr\\\/about-us\\\/\",\"name\":\"\u00c0 propos de nous - Spectra\",\"isPartOf\":{\"@id\":\"https:\\\/\\\/spectramarketinggroup.com\\\/fr\\\/#website\"},\"datePublished\":\"2023-11-28T08:48:40+00:00\",\"dateModified\":\"2024-09-26T14:40:38+00:00\",\"description\":\"At Spectra, we believe the foundation of partnership begins with introductions. Our role is to identify connections and facilitate relationships that drive growth through our Supplier Partner Programs.\",\"breadcrumb\":{\"@id\":\"https:\\\/\\\/spectramarketinggroup.com\\\/fr\\\/about-us\\\/#breadcrumb\"},\"inLanguage\":\"fr-FR\",\"potentialAction\":[{\"@type\":\"ReadAction\",\"target\":[\"https:\\\/\\\/spectramarketinggroup.com\\\/fr\\\/about-us\\\/\"]}]},{\"@type\":\"BreadcrumbList\",\"@id\":\"https:\\\/\\\/spectramarketinggroup.com\\\/fr\\\/about-us\\\/#breadcrumb\",\"itemListElement\":[{\"@type\":\"ListItem\",\"position\":1,\"name\":\"Home\",\"item\":\"https:\\\/\\\/spectramarketinggroup.com\\\/fr\\\/\"},{\"@type\":\"ListItem\",\"position\":2,\"name\":\"\u00c0 propos de nous\"}]},{\"@type\":\"WebSite\",\"@id\":\"https:\\\/\\\/spectramarketinggroup.com\\\/fr\\\/#website\",\"url\":\"https:\\\/\\\/spectramarketinggroup.com\\\/fr\\\/\",\"name\":\"Spectra\",\"description\":\"\",\"potentialAction\":[{\"@type\":\"SearchAction\",\"target\":{\"@type\":\"EntryPoint\",\"urlTemplate\":\"https:\\\/\\\/spectramarketinggroup.com\\\/fr\\\/?s={search_term_string}\"},\"query-input\":{\"@type\":\"PropertyValueSpecification\",\"valueRequired\":true,\"valueName\":\"search_term_string\"}}],\"inLanguage\":\"fr-FR\"}]}<\/script>\n<!-- \/ Yoast SEO plugin. -->","yoast_head_json":{"title":"\u00c0 propos de nous - Spectra","description":"At Spectra, we believe the foundation of partnership begins with introductions. Our role is to identify connections and facilitate relationships that drive growth through our Supplier Partner Programs.","robots":{"index":"index","follow":"follow","max-snippet":"max-snippet:-1","max-image-preview":"max-image-preview:large","max-video-preview":"max-video-preview:-1"},"canonical":"https:\/\/spectramarketinggroup.com\/fr\/about-us\/","og_locale":"fr_FR","og_type":"article","og_title":"\u00c0 propos de nous - Spectra","og_description":"At Spectra, we believe the foundation of partnership begins with introductions. Our role is to identify connections and facilitate relationships that drive growth through our Supplier Partner Programs.","og_url":"https:\/\/spectramarketinggroup.com\/fr\/about-us\/","og_site_name":"Spectra","article_modified_time":"2024-09-26T14:40:38+00:00","twitter_card":"summary_large_image","schema":{"@context":"https:\/\/schema.org","@graph":[{"@type":"WebPage","@id":"https:\/\/spectramarketinggroup.com\/fr\/about-us\/","url":"https:\/\/spectramarketinggroup.com\/fr\/about-us\/","name":"\u00c0 propos de nous - Spectra","isPartOf":{"@id":"https:\/\/spectramarketinggroup.com\/fr\/#website"},"datePublished":"2023-11-28T08:48:40+00:00","dateModified":"2024-09-26T14:40:38+00:00","description":"At Spectra, we believe the foundation of partnership begins with introductions. Our role is to identify connections and facilitate relationships that drive growth through our Supplier Partner Programs.","breadcrumb":{"@id":"https:\/\/spectramarketinggroup.com\/fr\/about-us\/#breadcrumb"},"inLanguage":"fr-FR","potentialAction":[{"@type":"ReadAction","target":["https:\/\/spectramarketinggroup.com\/fr\/about-us\/"]}]},{"@type":"BreadcrumbList","@id":"https:\/\/spectramarketinggroup.com\/fr\/about-us\/#breadcrumb","itemListElement":[{"@type":"ListItem","position":1,"name":"Home","item":"https:\/\/spectramarketinggroup.com\/fr\/"},{"@type":"ListItem","position":2,"name":"\u00c0 propos de nous"}]},{"@type":"WebSite","@id":"https:\/\/spectramarketinggroup.com\/fr\/#website","url":"https:\/\/spectramarketinggroup.com\/fr\/","name":"Spectra","description":"","potentialAction":[{"@type":"SearchAction","target":{"@type":"EntryPoint","urlTemplate":"https:\/\/spectramarketinggroup.com\/fr\/?s={search_term_string}"},"query-input":{"@type":"PropertyValueSpecification","valueRequired":true,"valueName":"search_term_string"}}],"inLanguage":"fr-FR"}]}},"_links":{"self":[{"href":"https:\/\/spectramarketinggroup.com\/fr\/wp-json\/wp\/v2\/pages\/1302","targetHints":{"allow":["GET"]}}],"collection":[{"href":"https:\/\/spectramarketinggroup.com\/fr\/wp-json\/wp\/v2\/pages"}],"about":[{"href":"https:\/\/spectramarketinggroup.com\/fr\/wp-json\/wp\/v2\/types\/page"}],"author":[{"embeddable":true,"href":"https:\/\/spectramarketinggroup.com\/fr\/wp-json\/wp\/v2\/users\/2"}],"replies":[{"embeddable":true,"href":"https:\/\/spectramarketinggroup.com\/fr\/wp-json\/wp\/v2\/comments?post=1302"}],"version-history":[{"count":0,"href":"https:\/\/spectramarketinggroup.com\/fr\/wp-json\/wp\/v2\/pages\/1302\/revisions"}],"wp:attachment":[{"href":"https:\/\/spectramarketinggroup.com\/fr\/wp-json\/wp\/v2\/media?parent=1302"}],"curies":[{"name":"wp","href":"https:\/\/api.w.org\/{rel}","templated":true}]}}